{"id":327,"date":"2024-05-30T14:06:29","date_gmt":"2024-05-30T14:06:29","guid":{"rendered":"https:\/\/farmacologia.ciq.uchile.cl\/?page_id=327"},"modified":"2024-05-30T19:17:58","modified_gmt":"2024-05-30T19:17:58","slug":"mario-rivera-2","status":"publish","type":"page","link":"https:\/\/farmacologia.ciq.uchile.cl\/?page_id=327","title":{"rendered":"Mario Rivera"},"content":{"rendered":"\n<div class=\"wp-block-media-text is-stacked-on-mobile is-vertically-aligned-top\"><figure class=\"wp-block-media-text__media\"><img loading=\"lazy\" decoding=\"async\" width=\"1024\" height=\"576\" src=\"https:\/\/farmacologia.ciq.uchile.cl\/wp-content\/uploads\/2024\/05\/Foto-1024x576.jpg\" alt=\"\" class=\"wp-image-328 size-full\" srcset=\"https:\/\/farmacologia.ciq.uchile.cl\/wp-content\/uploads\/2024\/05\/Foto-1024x576.jpg 1024w, https:\/\/farmacologia.ciq.uchile.cl\/wp-content\/uploads\/2024\/05\/Foto-300x169.jpg 300w, https:\/\/farmacologia.ciq.uchile.cl\/wp-content\/uploads\/2024\/05\/Foto-768x432.jpg 768w, https:\/\/farmacologia.ciq.uchile.cl\/wp-content\/uploads\/2024\/05\/Foto.jpg 1280w\" sizes=\"auto, (max-width: 1024px) 100vw, 1024px\" \/><\/figure><div class=\"wp-block-media-text__content\">\n<p><strong>L\u00edneas de Investigaci\u00f3n:<\/strong><\/p>\n\n\n\n<p>Farmacolog\u00eda experimental de la dependencia a drogas<\/p>\n\n\n\n<p>El objetivo de nuestra l\u00ednea de investigaci\u00f3n es la identificaci\u00f3n de nuevos blancos moleculares involucrados en las propiedades adictivas del alcohol y otras drogas de abuso. Para el estudio de estos blancos moleculares usamos principalmente herramientas de manipulaci\u00f3n de la expresi\u00f3n g\u00e9nica en modelos in vitro e in vivo.<\/p>\n\n\n\n<p>Junto con ello, nuestro laboratorio tambi\u00e9n tiene como objetivo el desarrollo de nuevos&nbsp; f\u00e1rmacos experimentales \u00fatiles para el tratamiento de la adicci\u00f3n a sustancias tales como alcohol y\/o nicotina. Para ello utilizamos herramientas in silico (bioinform\u00e1tica, docking molecular), s\u00edntesis qu\u00edmica, estudios in vitro (modelos celulares) y evaluaci\u00f3n de su eficacia en modelos precl\u00ednicos de dependencia.<\/p>\n\n\n\n<p><strong>Docencia de Postgrado:<\/strong><\/p>\n\n\n\n<p>\u2022&nbsp;&nbsp;&nbsp;&nbsp;&nbsp;&nbsp;&nbsp;&nbsp;&nbsp;&nbsp;&nbsp;&nbsp; Curso de Farmacolog\u00eda Molecular Avanzada, Programa de Doctorado en Farmacolog\u00eda, Universidad de Chile (2016-presente).<\/p>\n\n\n\n<p>\u2022&nbsp;&nbsp;&nbsp;&nbsp;&nbsp;&nbsp;&nbsp;&nbsp;&nbsp;&nbsp;&nbsp;&nbsp; Curso Troncal del Programa de Doctorado en Ciencias Farmac\u00e9uticas, Universidad de Chile.<\/p>\n\n\n\n<p>\u2022&nbsp;&nbsp;&nbsp;&nbsp;&nbsp;&nbsp;&nbsp;&nbsp;&nbsp;&nbsp;&nbsp;&nbsp; Curso de Bioqu\u00edmica Toxicol\u00f3gica y Diagn\u00f3stico Molecular, Programa de Mag\u00edster en Bioqu\u00edmica, Universidad de Chile.<\/p>\n\n\n\n<ul class=\"wp-block-list\">\n<li>Curso de Neuropsicofarmacolog\u00eda, Escuela de Posgrado, Facultad de Medicina, Universidad de Chile<\/li>\n<\/ul>\n\n\n\n<p><strong>Colaboraciones Acad\u00e9micas:<\/strong><\/p>\n\n\n\n<ul class=\"wp-block-list\">\n<li>Dr. David V\u00e1squez. Departamento de Qu\u00edmica Farmacol\u00f3gica y Toxicol\u00f3gica, Facultad de Ciencias Qu\u00edmicas y Farmac\u00e9uticas, Universidad de Chile.<\/li>\n\n\n\n<li>Dr. Mario Herrera-Marschitz. Programa de Farmacolog\u00eda Molecular y Cl\u00ednica, Facultad de Medicina, Universidad de Chile.<\/li>\n\n\n\n<li>Prof. Mar\u00eda Elena Quintanilla. Programa de Farmacolog\u00eda Molecular y Cl\u00ednica, Facultad de Medicina, Universidad de Chile.<\/li>\n\n\n\n<li>Dr. Eduardo Karahanian. Facultad de Ciencias de la Salud, Universidad Aut\u00f3noma de Chile.<\/li>\n\n\n\n<li>Dra. Miriam Virgolini. Universidad Nacional de C\u00f3rdoba, Argentina.<\/li>\n<\/ul>\n\n\n\n<p><a href=\"https:\/\/uchile.cl\/portafolio-academico\/portafolio-academico\/academico\/41257\">Portafolio Acad\u00e9mico<\/a><\/p>\n<\/div><\/div>\n\n\n\n<p><\/p>\n","protected":false},"excerpt":{"rendered":"","protected":false},"author":1,"featured_media":0,"parent":0,"menu_order":0,"comment_status":"closed","ping_status":"closed","template":"","meta":{"footnotes":""},"class_list":["post-327","page","type-page","status-publish","hentry"],"_links":{"self":[{"href":"https:\/\/farmacologia.ciq.uchile.cl\/index.php?rest_route=\/wp\/v2\/pages\/327","targetHints":{"allow":["GET"]}}],"collection":[{"href":"https:\/\/farmacologia.ciq.uchile.cl\/index.php?rest_route=\/wp\/v2\/pages"}],"about":[{"href":"https:\/\/farmacologia.ciq.uchile.cl\/index.php?rest_route=\/wp\/v2\/types\/page"}],"author":[{"embeddable":true,"href":"https:\/\/farmacologia.ciq.uchile.cl\/index.php?rest_route=\/wp\/v2\/users\/1"}],"replies":[{"embeddable":true,"href":"https:\/\/farmacologia.ciq.uchile.cl\/index.php?rest_route=%2Fwp%2Fv2%2Fcomments&post=327"}],"version-history":[{"count":3,"href":"https:\/\/farmacologia.ciq.uchile.cl\/index.php?rest_route=\/wp\/v2\/pages\/327\/revisions"}],"predecessor-version":[{"id":342,"href":"https:\/\/farmacologia.ciq.uchile.cl\/index.php?rest_route=\/wp\/v2\/pages\/327\/revisions\/342"}],"wp:attachment":[{"href":"https:\/\/farmacologia.ciq.uchile.cl\/index.php?rest_route=%2Fwp%2Fv2%2Fmedia&parent=327"}],"curies":[{"name":"wp","href":"https:\/\/api.w.org\/{rel}","templated":true}]}}