{"id":308,"date":"2024-04-02T12:18:27","date_gmt":"2024-04-02T12:18:27","guid":{"rendered":"https:\/\/farmacologia.ciq.uchile.cl\/?page_id=308"},"modified":"2024-04-02T12:42:38","modified_gmt":"2024-04-02T12:42:38","slug":"raquel-bridi","status":"publish","type":"page","link":"https:\/\/farmacologia.ciq.uchile.cl\/?page_id=308","title":{"rendered":"Raquel Bridi"},"content":{"rendered":"\n<div class=\"wp-block-media-text is-stacked-on-mobile is-vertically-aligned-top\" style=\"grid-template-columns:40% auto\"><figure class=\"wp-block-media-text__media\"><img loading=\"lazy\" decoding=\"async\" width=\"1024\" height=\"1024\" src=\"https:\/\/farmacologia.ciq.uchile.cl\/wp-content\/uploads\/2024\/04\/Raquel-1024x1024.jpg\" alt=\"\" class=\"wp-image-309 size-full\" srcset=\"https:\/\/farmacologia.ciq.uchile.cl\/wp-content\/uploads\/2024\/04\/Raquel-1024x1024.jpg 1024w, https:\/\/farmacologia.ciq.uchile.cl\/wp-content\/uploads\/2024\/04\/Raquel-300x300.jpg 300w, https:\/\/farmacologia.ciq.uchile.cl\/wp-content\/uploads\/2024\/04\/Raquel-150x150.jpg 150w, https:\/\/farmacologia.ciq.uchile.cl\/wp-content\/uploads\/2024\/04\/Raquel-768x768.jpg 768w, https:\/\/farmacologia.ciq.uchile.cl\/wp-content\/uploads\/2024\/04\/Raquel-1080x1080.jpg 1080w, https:\/\/farmacologia.ciq.uchile.cl\/wp-content\/uploads\/2024\/04\/Raquel.jpg 1161w\" sizes=\"auto, (max-width: 1024px) 100vw, 1024px\" \/><\/figure><div class=\"wp-block-media-text__content\">\n<p class=\"has-black-color has-text-color has-link-color wp-elements-46aaf99eaf034a1ad22d52bb94df6f17\" style=\"font-size:13px\"><strong>L\u00edneas de investigaci\u00f3n<\/strong><\/p>\n\n\n\n<p class=\"has-black-color has-text-color has-link-color wp-elements-572f0386b8848d58e213c258dbdbcf71\" style=\"font-size:13px\">Bioprospecci\u00f3n de productos naturales a partir de especies vegetales nativas y end\u00e9micas de Chile y de productos ap\u00edcolas como miel, polen, y prop\u00f3leos;<\/p>\n\n\n\n<p class=\"has-black-color has-text-color has-link-color wp-elements-3e2a06e940f9fdf5b90c0e06e7b5cd51\" style=\"font-size:13px\">Obtenci\u00f3n y caracterizaci\u00f3n qu\u00edmica de extractos bioactivos; purificaci\u00f3n e identificaci\u00f3n de metabolitos secundarios, con enfoque en compuestos fen\u00f3licos e iridoides;<\/p>\n\n\n\n<p class=\"has-black-color has-text-color has-link-color wp-elements-d4711b76c63cc7941b954d3dfdf4ef68\" style=\"font-size:13px\">Estudio de las actividades antioxidante, antimicrobiana y hepatoprotectora de extractos y mol\u00e9culas aisladas;<\/p>\n\n\n\n<p class=\"has-black-color has-text-color has-link-color wp-elements-a11c1cbfcd92e6182076f792bcbb75cb\" style=\"font-size:13px\">Desarrollo de ingredientes funcionales a partir de polifenoles de matrices alimentarias y sus residuos.<\/p>\n\n\n\n<p class=\"has-black-color has-text-color has-link-color wp-elements-7352d8c99c9b3c72e1185636d7c666f3\" style=\"font-size:13px\">Estudios sobre el uso tradicional de plantas medicinales en Chile.<\/p>\n\n\n\n<p class=\"has-black-color has-text-color has-link-color wp-elements-9e5f6b3ce8a003a535f7d974088c18be\" style=\"font-size:13px\"><strong>Docencia<\/strong><\/p>\n\n\n\n<p class=\"has-black-color has-text-color has-link-color wp-elements-abb359c854207e1448acfb36bf8d55df\" style=\"font-size:13px\"><strong>Pregrado<\/strong>:<br>Bot\u00e1nica y Farmacognosia (Responsable)<\/p>\n\n\n\n<p class=\"has-black-color has-text-color has-link-color wp-elements-9f387091437f62fd14dc72f7aeea87ad\" style=\"font-size:13px\">T\u00f3picos de Farmacognosia (Responsable)<\/p>\n\n\n\n<p class=\"has-black-color has-text-color has-link-color wp-elements-fe1f462377177b42a29357b7d173ad32\" style=\"font-size:13px\">Fisiolog\u00eda y Bioqu\u00edmica Vegetal (Colaboradora)<\/p>\n\n\n\n<p class=\"has-black-color has-text-color has-link-color wp-elements-de4d0c69860c6aa8f58a39c2db2a72f1\" style=\"font-size:13px\">El Medicamento y su Evoluci\u00f3n (Colaboradora)<\/p>\n\n\n\n<p class=\"has-black-color has-text-color has-link-color wp-elements-0ab412754523155abfb8b15cca616188\" style=\"font-size:13px\"><strong>Posgrado<\/strong>:<br>Ciencias y Tecnolog\u00edas Farmac\u00e9utica Avanzada \u2013 M\u00f3dulo: Compuestos bioactivos de origen vegetal (Responsable)<\/p>\n\n\n\n<p class=\"has-black-color has-text-color has-link-color wp-elements-cbe742a26d3c759ffffe5cda4b911636\" style=\"font-size:13px\"><strong>Colaboradores Nacionales<\/strong>:<\/p>\n\n\n\n<p class=\"has-black-color has-text-color has-link-color wp-elements-5d302008d75db50bf45d7fde6c0e599b\" style=\"font-size:13px\">Dr. Adriano Costa de Camargo<br>Instituto de Nutrici\u00f3n y Tecnolog\u00eda de los Alimentos (INTA) de la Universidad de Chile<\/p>\n\n\n\n<p class=\"has-black-color has-text-color has-link-color wp-elements-a256dab81161b57f41f5bab01c7060a4\" style=\"font-size:13px\">Dr. Cristian Sallas<br>Departamento de Qu\u00edmica Org\u00e1nica, Facultad de Qu\u00edmica y Farmacia, Pontificia Universidad Cat\u00f3lica de Chile<\/p>\n\n\n\n<p class=\"has-black-color has-text-color has-link-color wp-elements-f7fc9cf2791d9bdefbb38d9c292eab39\" style=\"font-size:13px\">Dr. Christian Espinosa Bustos<br>Departamento de Farmacia, Facultad de Qu\u00edmica y Farmacia, Pontificia Universidad Cat\u00f3lica de Chile<\/p>\n\n\n\n<p class=\"has-black-color has-text-color has-link-color wp-elements-716c9b01c53426504410effd8f9091ef\" style=\"font-size:13px\">Dr. Marcelo Andia<br>Departamento de Radiolog\u00eda y Centro de Im\u00e1genes Biom\u00e9dicas, Facultad de Medicina, Pontificia Universidad Cat\u00f3lica de Chile<\/p>\n\n\n\n<p class=\"has-black-color has-text-color has-link-color wp-elements-c43f614fd837eafbf38d0e4e3403874e\" style=\"font-size:13px\">Dra. Gloria Montenegro<br>Departamento de Ciencias Vegetales, Facultad de Agronom\u00eda e Ingenier\u00eda Forestal, Pontificia Universidad Cat\u00f3lica de Chile<\/p>\n\n\n\n<p class=\"has-black-color has-text-color has-link-color wp-elements-bac0a53593c1e294b59b7e19c69af507\" style=\"font-size:13px\">Dr. Andres Ricardo Schwember Neira<br>Departamento de Ciencias Vegetales, Facultad de Agronom\u00eda e Ingenier\u00eda Forestal, Pontificia Universidad Cat\u00f3lica de Chile<\/p>\n\n\n\n<p class=\"has-black-color has-text-color has-link-color wp-elements-6247bd4089cae2d697883a8aa6d2740d\" style=\"font-size:13px\">Dr. Javier Echeverr\u00eda<br>Departamento de Ciencias del Ambiente, Universidad de Santiago<\/p>\n\n\n\n<p class=\"has-black-color has-text-color has-link-color wp-elements-9233c05e982da1b9e04d9b2aed5a540a\" style=\"font-size:13px\">Dra. Waleska E. Vera Quezada<br>Escuela Qu\u00edmica y Farmacia, Facultad de Farmacia<br>Universidad de Valpara\u00edso<\/p>\n\n\n\n<p class=\"has-black-color has-text-color has-link-color wp-elements-122f280a08a7b98c290d947c896584fa\" style=\"font-size:13px\">Dra. Gabriela Valenzuela<br>Departamento de Qu\u00edmica Farmacol\u00f3gica y Toxicol\u00f3gica, Facultad de Ciencias Qu\u00edmicas y Farmac\u00e9uticas, Universidad de Chile<\/p>\n\n\n\n<p class=\"has-black-color has-text-color has-link-color wp-elements-b6ffd3f8bf17e411c1f7f175721ee148\" style=\"font-size:13px\">Dra. Ana Riveros<br>Departamento de Qu\u00edmica Farmacol\u00f3gica y Toxicol\u00f3gica, Facultad de Ciencias Qu\u00edmicas y Farmac\u00e9uticas, Universidad de Chile<\/p>\n\n\n\n<p class=\"has-black-color has-text-color has-link-color wp-elements-68928189dc7cdcbbc977abd8583a2da5\" style=\"font-size:13px\">Dr. Marcelo Kogan<br>Departamento de Qu\u00edmica Farmacol\u00f3gica y Toxicol\u00f3gica, Facultad de Ciencias Qu\u00edmicas y Farmac\u00e9uticas, Universidad de Chile<\/p>\n\n\n\n<p class=\"has-black-color has-text-color has-link-color wp-elements-454e4f4bfeb6eea80d7e131c6449219f\" style=\"font-size:13px\"><strong>Colaboradores Internacionales<\/strong>:<\/p>\n\n\n\n<p class=\"has-black-color has-text-color has-link-color wp-elements-294383f8648097a4e4d3a22598548fd1\" style=\"font-size:13px\">Dr. Fereidoon Shahidi<br>Department of Biochemistry, Memorial University of Newfoundland, St. John\u2019s, NL, Canada.<\/p>\n\n\n\n<p class=\"has-black-color has-text-color has-link-color wp-elements-fcca4122aaef177755aa03c00d152e48\" style=\"font-size:13px\">Dra. Lillian Barros<br>Centro de Investiga\u00e7\u00e3o de Montanha (CIMO), Instituto Polit\u00e9cnico de Bragan\u00e7a, Portugal<\/p>\n\n\n\n<p class=\"has-black-color has-text-color has-link-color wp-elements-bc3eb5486b394d69a3c0bcec9ff220d8\" style=\"font-size:13px\">Dra. Gilsane Lino von Poser<br>Faculdade de Farm\u00e1cia, Departamento de Produ\u00e7\u00e3o de Mat\u00e9ria-prima, UFRGS, Brasil.<\/p>\n\n\n\n<p class=\"has-black-color has-text-color has-link-color wp-elements-5dad835e7a2187df5ad44a87040f62a4\" style=\"font-size:13px\">Dra. C\u00e1tia dos Santos Branco<br>Instituto de Biotecnologia, Universidade de Caxias do Sul (UCS), Brasil<\/p>\n\n\n\n<p class=\"has-black-color has-text-color has-link-color wp-elements-5eca7d4be318c47603080d8941aa7967\" style=\"font-size:13px\">Dra. Miriam Salvador<br>Instituto de Biotecnologia, Universidade de Caxias do Sul (UCS), Brasil<\/p>\n\n\n\n<p class=\"has-black-color has-text-color has-link-color wp-elements-048e499ce0ffa6db1afe5a73b90d95d9\" style=\"font-size:13px\">e) Con respecto a la informaci\u00f3n acad\u00e9mica de cada uno de nosotros, en la p\u00e1gina del DQFT, nuestro nombre estar\u00e1 \u00ablinkeado\u00bb al portafolio acad\u00e9mico (p\u00e1gina en la que aparecen proyectos, publicaciones, cursos, tesis dirigidas, etc) de cada uno de nosotros.<\/p>\n<\/div><\/div>\n\n\n\n<p class=\"has-text-align-right\" style=\"font-size:14px\"><a href=\"https:\/\/uchile.cl\/portafolio-academico\/portafolio-academico\/academico\/636265-Raquel-Bridi-\" target=\"_blank\" rel=\"noreferrer noopener\">Portafolio Acad\u00e9mico<\/a><\/p>\n","protected":false},"excerpt":{"rendered":"<p>L\u00edneas de investigaci\u00f3n Bioprospecci\u00f3n de productos naturales a partir de especies vegetales nativas y end\u00e9micas de Chile y de productos ap\u00edcolas como miel, polen, y prop\u00f3leos; Obtenci\u00f3n y caracterizaci\u00f3n qu\u00edmica de extractos bioactivos; purificaci\u00f3n e identificaci\u00f3n de metabolitos secundarios, con enfoque en compuestos fen\u00f3licos e iridoides; Estudio de las actividades antioxidante, antimicrobiana y hepatoprotectora de&hellip; <br \/> <a class=\"read-more\" href=\"https:\/\/farmacologia.ciq.uchile.cl\/?page_id=308\">Leer m\u00e1s<\/a><\/p>\n","protected":false},"author":1,"featured_media":0,"parent":0,"menu_order":0,"comment_status":"closed","ping_status":"closed","template":"","meta":{"footnotes":""},"class_list":["post-308","page","type-page","status-publish","hentry"],"_links":{"self":[{"href":"https:\/\/farmacologia.ciq.uchile.cl\/index.php?rest_route=\/wp\/v2\/pages\/308","targetHints":{"allow":["GET"]}}],"collection":[{"href":"https:\/\/farmacologia.ciq.uchile.cl\/index.php?rest_route=\/wp\/v2\/pages"}],"about":[{"href":"https:\/\/farmacologia.ciq.uchile.cl\/index.php?rest_route=\/wp\/v2\/types\/page"}],"author":[{"embeddable":true,"href":"https:\/\/farmacologia.ciq.uchile.cl\/index.php?rest_route=\/wp\/v2\/users\/1"}],"replies":[{"embeddable":true,"href":"https:\/\/farmacologia.ciq.uchile.cl\/index.php?rest_route=%2Fwp%2Fv2%2Fcomments&post=308"}],"version-history":[{"count":6,"href":"https:\/\/farmacologia.ciq.uchile.cl\/index.php?rest_route=\/wp\/v2\/pages\/308\/revisions"}],"predecessor-version":[{"id":324,"href":"https:\/\/farmacologia.ciq.uchile.cl\/index.php?rest_route=\/wp\/v2\/pages\/308\/revisions\/324"}],"wp:attachment":[{"href":"https:\/\/farmacologia.ciq.uchile.cl\/index.php?rest_route=%2Fwp%2Fv2%2Fmedia&parent=308"}],"curies":[{"name":"wp","href":"https:\/\/api.w.org\/{rel}","templated":true}]}}